{"id":792,"date":"2020-04-04T18:35:36","date_gmt":"2020-04-05T01:35:36","guid":{"rendered":"http:\/\/artesaniastoal.com\/?page_id=792"},"modified":"2020-10-03T09:51:57","modified_gmt":"2020-10-03T16:51:57","slug":"alfareros","status":"publish","type":"page","link":"https:\/\/artesaniastoal.com\/en\/alfareros\/","title":{"rendered":"Potters"},"content":{"rendered":"<div data-elementor-type=\"wp-page\" data-elementor-id=\"792\" class=\"elementor elementor-792\">\n\t\t\t\t\t\t<section class=\"elementor-section elementor-top-section elementor-element elementor-element-486a0c8 elementor-section-boxed elementor-section-height-default elementor-section-height-default parallax_section_no qode_elementor_container_no\" data-id=\"486a0c8\" data-element_type=\"section\" data-e-type=\"section\">\n\t\t\t\t\t\t<div class=\"elementor-container elementor-column-gap-default\">\n\t\t\t\t\t<div class=\"elementor-column elementor-col-33 elementor-top-column elementor-element elementor-element-ddf52f9\" data-id=\"ddf52f9\" data-element_type=\"column\" data-e-type=\"column\">\n\t\t\t<div class=\"elementor-widget-wrap elementor-element-populated\">\n\t\t\t\t\t\t<div class=\"elementor-element elementor-element-1c6fe96 elementor-widget elementor-widget-image\" data-id=\"1c6fe96\" data-element_type=\"widget\" data-e-type=\"widget\" data-settings=\"{&quot;_animation&quot;:&quot;none&quot;,&quot;_animation_delay&quot;:&quot;300&quot;}\" data-widget_type=\"image.default\">\n\t\t\t\t<div class=\"elementor-widget-container\">\n\t\t\t\t\t\t\t\t\t\t\t\t<figure class=\"wp-caption\">\n\t\t\t\t\t\t\t\t\t\t\t<a href=\"http:\/\/artesaniastoal.com\/en\/elicena-cota\/\" target=\"_blank\">\n\t\t\t\t\t\t\t<img fetchpriority=\"high\" decoding=\"async\" width=\"500\" height=\"380\" src=\"https:\/\/i0.wp.com\/artesaniastoal.com\/wp-content\/uploads\/2020\/08\/toal_14-min-scaled.jpg?resize=500%2C380&amp;ssl=1\" class=\"attachment-portfolio_slider size-portfolio_slider wp-image-915\" alt=\"\" srcset=\"https:\/\/i0.wp.com\/artesaniastoal.com\/wp-content\/uploads\/2020\/08\/toal_14-min-scaled.jpg?resize=500%2C380&amp;ssl=1 500w, https:\/\/i0.wp.com\/artesaniastoal.com\/wp-content\/uploads\/2020\/08\/toal_14-min-scaled.jpg?zoom=2&amp;resize=500%2C380&amp;ssl=1 1000w, https:\/\/i0.wp.com\/artesaniastoal.com\/wp-content\/uploads\/2020\/08\/toal_14-min-scaled.jpg?zoom=3&amp;resize=500%2C380&amp;ssl=1 1500w\" sizes=\"(max-width: 500px) 100vw, 500px\" \/>\t\t\t\t\t\t\t\t<\/a>\n\t\t\t\t\t\t\t\t\t\t\t<figcaption class=\"widget-image-caption wp-caption-text\">Elicena Cota<\/figcaption>\n\t\t\t\t\t\t\t\t\t\t<\/figure>\n\t\t\t\t\t\t\t\t\t<\/div>\n\t\t\t\t<\/div>\n\t\t\t\t\t<\/div>\n\t\t<\/div>\n\t\t\t\t<div class=\"elementor-column elementor-col-33 elementor-top-column elementor-element elementor-element-e9902ab\" data-id=\"e9902ab\" data-element_type=\"column\" data-e-type=\"column\">\n\t\t\t<div class=\"elementor-widget-wrap elementor-element-populated\">\n\t\t\t\t\t\t<div class=\"elementor-element elementor-element-98dd34b elementor-widget elementor-widget-image\" data-id=\"98dd34b\" data-element_type=\"widget\" data-e-type=\"widget\" data-settings=\"{&quot;_animation&quot;:&quot;none&quot;,&quot;_animation_delay&quot;:&quot;300&quot;}\" data-widget_type=\"image.default\">\n\t\t\t\t<div class=\"elementor-widget-container\">\n\t\t\t\t\t\t\t\t\t\t\t\t<figure class=\"wp-caption\">\n\t\t\t\t\t\t\t\t\t\t\t<a href=\"http:\/\/artesaniastoal.com\/en\/graciela-martinez-2\/\" target=\"_blank\">\n\t\t\t\t\t\t\t<img decoding=\"async\" width=\"500\" height=\"380\" src=\"https:\/\/i0.wp.com\/artesaniastoal.com\/wp-content\/uploads\/2020\/08\/toal_4b-scaled.jpg?resize=500%2C380&amp;ssl=1\" class=\"attachment-portfolio_slider size-portfolio_slider wp-image-871\" alt=\"\" srcset=\"https:\/\/i0.wp.com\/artesaniastoal.com\/wp-content\/uploads\/2020\/08\/toal_4b-scaled.jpg?resize=500%2C380&amp;ssl=1 500w, https:\/\/i0.wp.com\/artesaniastoal.com\/wp-content\/uploads\/2020\/08\/toal_4b-scaled.jpg?zoom=2&amp;resize=500%2C380&amp;ssl=1 1000w, https:\/\/i0.wp.com\/artesaniastoal.com\/wp-content\/uploads\/2020\/08\/toal_4b-scaled.jpg?zoom=3&amp;resize=500%2C380&amp;ssl=1 1500w\" sizes=\"(max-width: 500px) 100vw, 500px\" \/>\t\t\t\t\t\t\t\t<\/a>\n\t\t\t\t\t\t\t\t\t\t\t<figcaption class=\"widget-image-caption wp-caption-text\">Graciela Mart\u00ednez<\/figcaption>\n\t\t\t\t\t\t\t\t\t\t<\/figure>\n\t\t\t\t\t\t\t\t\t<\/div>\n\t\t\t\t<\/div>\n\t\t\t\t\t<\/div>\n\t\t<\/div>\n\t\t\t\t<div class=\"elementor-column elementor-col-33 elementor-top-column elementor-element elementor-element-f9c055f\" data-id=\"f9c055f\" data-element_type=\"column\" data-e-type=\"column\">\n\t\t\t<div class=\"elementor-widget-wrap elementor-element-populated\">\n\t\t\t\t\t\t<div class=\"elementor-element elementor-element-ae3fac6 elementor-widget elementor-widget-image\" data-id=\"ae3fac6\" data-element_type=\"widget\" data-e-type=\"widget\" data-settings=\"{&quot;_animation&quot;:&quot;none&quot;,&quot;_animation_delay&quot;:&quot;300&quot;}\" data-widget_type=\"image.default\">\n\t\t\t\t<div class=\"elementor-widget-container\">\n\t\t\t\t\t\t\t\t\t\t\t\t<figure class=\"wp-caption\">\n\t\t\t\t\t\t\t\t\t\t\t<a href=\"http:\/\/artesaniastoal.com\/en\/laura-quintana\/\" target=\"_blank\">\n\t\t\t\t\t\t\t<img decoding=\"async\" width=\"500\" height=\"380\" src=\"https:\/\/i0.wp.com\/artesaniastoal.com\/wp-content\/uploads\/2020\/08\/toal_6-min-scaled.jpg?resize=500%2C380&amp;ssl=1\" class=\"attachment-portfolio_slider size-portfolio_slider wp-image-921\" alt=\"\" srcset=\"https:\/\/i0.wp.com\/artesaniastoal.com\/wp-content\/uploads\/2020\/08\/toal_6-min-scaled.jpg?resize=500%2C380&amp;ssl=1 500w, https:\/\/i0.wp.com\/artesaniastoal.com\/wp-content\/uploads\/2020\/08\/toal_6-min-scaled.jpg?zoom=2&amp;resize=500%2C380&amp;ssl=1 1000w, https:\/\/i0.wp.com\/artesaniastoal.com\/wp-content\/uploads\/2020\/08\/toal_6-min-scaled.jpg?zoom=3&amp;resize=500%2C380&amp;ssl=1 1500w\" sizes=\"(max-width: 500px) 100vw, 500px\" \/>\t\t\t\t\t\t\t\t<\/a>\n\t\t\t\t\t\t\t\t\t\t\t<figcaption class=\"widget-image-caption wp-caption-text\">Laura Quintana<\/figcaption>\n\t\t\t\t\t\t\t\t\t\t<\/figure>\n\t\t\t\t\t\t\t\t\t<\/div>\n\t\t\t\t<\/div>\n\t\t\t\t\t<\/div>\n\t\t<\/div>\n\t\t\t\t\t<\/div>\n\t\t<\/section>\n\t\t\t\t<section class=\"elementor-section elementor-top-section elementor-element elementor-element-66a367e elementor-section-boxed elementor-section-height-default elementor-section-height-default parallax_section_no qode_elementor_container_no\" data-id=\"66a367e\" data-element_type=\"section\" data-e-type=\"section\">\n\t\t\t\t\t\t<div class=\"elementor-container elementor-column-gap-default\">\n\t\t\t\t\t<div class=\"elementor-column elementor-col-33 elementor-top-column elementor-element elementor-element-3a58c1d\" data-id=\"3a58c1d\" data-element_type=\"column\" data-e-type=\"column\">\n\t\t\t<div class=\"elementor-widget-wrap elementor-element-populated\">\n\t\t\t\t\t\t<div class=\"elementor-element elementor-element-e0a711b elementor-widget elementor-widget-image\" data-id=\"e0a711b\" data-element_type=\"widget\" data-e-type=\"widget\" data-settings=\"{&quot;_animation&quot;:&quot;none&quot;,&quot;_animation_delay&quot;:&quot;300&quot;}\" data-widget_type=\"image.default\">\n\t\t\t\t<div class=\"elementor-widget-container\">\n\t\t\t\t\t\t\t\t\t\t\t\t<figure class=\"wp-caption\">\n\t\t\t\t\t\t\t\t\t\t\t<a href=\"http:\/\/artesaniastoal.com\/en\/martin-olivas\/\" target=\"_blank\">\n\t\t\t\t\t\t\t<img loading=\"lazy\" decoding=\"async\" width=\"500\" height=\"380\" src=\"https:\/\/i0.wp.com\/artesaniastoal.com\/wp-content\/uploads\/2020\/08\/toal_7-min-scaled.jpg?resize=500%2C380&amp;ssl=1\" class=\"attachment-portfolio_slider size-portfolio_slider wp-image-923\" alt=\"\" srcset=\"https:\/\/i0.wp.com\/artesaniastoal.com\/wp-content\/uploads\/2020\/08\/toal_7-min-scaled.jpg?resize=500%2C380&amp;ssl=1 500w, https:\/\/i0.wp.com\/artesaniastoal.com\/wp-content\/uploads\/2020\/08\/toal_7-min-scaled.jpg?zoom=2&amp;resize=500%2C380&amp;ssl=1 1000w, https:\/\/i0.wp.com\/artesaniastoal.com\/wp-content\/uploads\/2020\/08\/toal_7-min-scaled.jpg?zoom=3&amp;resize=500%2C380&amp;ssl=1 1500w\" sizes=\"(max-width: 500px) 100vw, 500px\" \/>\t\t\t\t\t\t\t\t<\/a>\n\t\t\t\t\t\t\t\t\t\t\t<figcaption class=\"widget-image-caption wp-caption-text\">Mart\u00edn Olivas<\/figcaption>\n\t\t\t\t\t\t\t\t\t\t<\/figure>\n\t\t\t\t\t\t\t\t\t<\/div>\n\t\t\t\t<\/div>\n\t\t\t\t\t<\/div>\n\t\t<\/div>\n\t\t\t\t<div class=\"elementor-column elementor-col-33 elementor-top-column elementor-element elementor-element-3ebb7cf\" data-id=\"3ebb7cf\" data-element_type=\"column\" data-e-type=\"column\">\n\t\t\t<div class=\"elementor-widget-wrap elementor-element-populated\">\n\t\t\t\t\t\t<div class=\"elementor-element elementor-element-e79cb86 elementor-widget elementor-widget-image\" data-id=\"e79cb86\" data-element_type=\"widget\" data-e-type=\"widget\" data-settings=\"{&quot;_animation&quot;:&quot;none&quot;,&quot;_animation_delay&quot;:&quot;300&quot;}\" data-widget_type=\"image.default\">\n\t\t\t\t<div class=\"elementor-widget-container\">\n\t\t\t\t\t\t\t\t\t\t\t\t<figure class=\"wp-caption\">\n\t\t\t\t\t\t\t\t\t\t\t<a href=\"http:\/\/artesaniastoal.com\/en\/cesar-dominguez\/\" target=\"_blank\">\n\t\t\t\t\t\t\t<img loading=\"lazy\" decoding=\"async\" width=\"500\" height=\"380\" src=\"https:\/\/i0.wp.com\/artesaniastoal.com\/wp-content\/uploads\/2020\/08\/toal_5-min-scaled.jpg?resize=500%2C380&amp;ssl=1\" class=\"attachment-portfolio_slider size-portfolio_slider wp-image-925\" alt=\"\" srcset=\"https:\/\/i0.wp.com\/artesaniastoal.com\/wp-content\/uploads\/2020\/08\/toal_5-min-scaled.jpg?resize=500%2C380&amp;ssl=1 500w, https:\/\/i0.wp.com\/artesaniastoal.com\/wp-content\/uploads\/2020\/08\/toal_5-min-scaled.jpg?zoom=2&amp;resize=500%2C380&amp;ssl=1 1000w, https:\/\/i0.wp.com\/artesaniastoal.com\/wp-content\/uploads\/2020\/08\/toal_5-min-scaled.jpg?zoom=3&amp;resize=500%2C380&amp;ssl=1 1500w\" sizes=\"(max-width: 500px) 100vw, 500px\" \/>\t\t\t\t\t\t\t\t<\/a>\n\t\t\t\t\t\t\t\t\t\t\t<figcaption class=\"widget-image-caption wp-caption-text\">C\u00e9sar Dom\u00ednguez<\/figcaption>\n\t\t\t\t\t\t\t\t\t\t<\/figure>\n\t\t\t\t\t\t\t\t\t<\/div>\n\t\t\t\t<\/div>\n\t\t\t\t\t<\/div>\n\t\t<\/div>\n\t\t\t\t<div class=\"elementor-column elementor-col-33 elementor-top-column elementor-element elementor-element-7c3abc4\" data-id=\"7c3abc4\" data-element_type=\"column\" data-e-type=\"column\">\n\t\t\t<div class=\"elementor-widget-wrap elementor-element-populated\">\n\t\t\t\t\t\t<div class=\"elementor-element elementor-element-dfe659b elementor-widget elementor-widget-image\" data-id=\"dfe659b\" data-element_type=\"widget\" data-e-type=\"widget\" data-settings=\"{&quot;_animation&quot;:&quot;none&quot;,&quot;_animation_delay&quot;:&quot;300&quot;}\" data-widget_type=\"image.default\">\n\t\t\t\t<div class=\"elementor-widget-container\">\n\t\t\t\t\t\t\t\t\t\t\t\t<figure class=\"wp-caption\">\n\t\t\t\t\t\t\t\t\t\t<img loading=\"lazy\" decoding=\"async\" width=\"500\" height=\"380\" src=\"https:\/\/i0.wp.com\/artesaniastoal.com\/wp-content\/uploads\/2020\/08\/toal_8-min-scaled.jpg?resize=500%2C380&amp;ssl=1\" class=\"attachment-portfolio_slider size-portfolio_slider wp-image-909\" alt=\"\" srcset=\"https:\/\/i0.wp.com\/artesaniastoal.com\/wp-content\/uploads\/2020\/08\/toal_8-min-scaled.jpg?resize=500%2C380&amp;ssl=1 500w, https:\/\/i0.wp.com\/artesaniastoal.com\/wp-content\/uploads\/2020\/08\/toal_8-min-scaled.jpg?zoom=2&amp;resize=500%2C380&amp;ssl=1 1000w, https:\/\/i0.wp.com\/artesaniastoal.com\/wp-content\/uploads\/2020\/08\/toal_8-min-scaled.jpg?zoom=3&amp;resize=500%2C380&amp;ssl=1 1500w\" sizes=\"(max-width: 500px) 100vw, 500px\" \/>\t\t\t\t\t\t\t\t\t\t\t<figcaption class=\"widget-image-caption wp-caption-text\">Eli Ortiz<\/figcaption>\n\t\t\t\t\t\t\t\t\t\t<\/figure>\n\t\t\t\t\t\t\t\t\t<\/div>\n\t\t\t\t<\/div>\n\t\t\t\t\t<\/div>\n\t\t<\/div>\n\t\t\t\t\t<\/div>\n\t\t<\/section>\n\t\t\t\t<section class=\"elementor-section elementor-top-section elementor-element elementor-element-1e4222b elementor-section-boxed elementor-section-height-default elementor-section-height-default parallax_section_no qode_elementor_container_no\" data-id=\"1e4222b\" data-element_type=\"section\" data-e-type=\"section\">\n\t\t\t\t\t\t<div class=\"elementor-container elementor-column-gap-default\">\n\t\t\t\t\t<div class=\"elementor-column elementor-col-100 elementor-top-column elementor-element elementor-element-dfeadce\" data-id=\"dfeadce\" data-element_type=\"column\" data-e-type=\"column\">\n\t\t\t<div class=\"elementor-widget-wrap elementor-element-populated\">\n\t\t\t\t\t\t<div class=\"elementor-element elementor-element-5a21ed3 elementor-widget elementor-widget-spacer\" data-id=\"5a21ed3\" data-element_type=\"widget\" data-e-type=\"widget\" data-widget_type=\"spacer.default\">\n\t\t\t\t<div class=\"elementor-widget-container\">\n\t\t\t\t\t\t\t<div class=\"elementor-spacer\">\n\t\t\t<div class=\"elementor-spacer-inner\"><\/div>\n\t\t<\/div>\n\t\t\t\t\t\t<\/div>\n\t\t\t\t<\/div>\n\t\t\t\t\t<\/div>\n\t\t<\/div>\n\t\t\t\t\t<\/div>\n\t\t<\/section>\n\t\t\t\t<\/div>","protected":false},"excerpt":{"rendered":"<p>Elicena Cota Graciela Mart\u00ednez Laura Quintana Mart\u00edn Olivas C\u00e9sar Dom\u00ednguez Eli Ortiz<\/p>","protected":false},"author":1,"featured_media":0,"parent":0,"menu_order":0,"comment_status":"closed","ping_status":"closed","template":"","meta":{"footnotes":""},"class_list":["post-792","page","type-page","status-publish","hentry"],"yoast_head":"<!-- This site is optimized with the Yoast SEO plugin v27.2 - https:\/\/yoast.com\/product\/yoast-seo-wordpress\/ -->\n<title>Alfareros | Artesanias Toal<\/title>\n<meta name=\"robots\" content=\"index, follow, max-snippet:-1, max-image-preview:large, max-video-preview:-1\" \/>\n<link rel=\"canonical\" href=\"https:\/\/artesaniastoal.com\/en\/alfareros\/\" \/>\n<meta property=\"og:locale\" content=\"en_US\" \/>\n<meta property=\"og:type\" content=\"article\" \/>\n<meta property=\"og:title\" content=\"Alfareros | Artesanias Toal\" \/>\n<meta property=\"og:description\" content=\"Elicena Cota Graciela Mart\u00ednez Laura Quintana Mart\u00edn Olivas C\u00e9sar Dom\u00ednguez Eli Ortiz\" \/>\n<meta property=\"og:url\" content=\"https:\/\/artesaniastoal.com\/en\/alfareros\/\" \/>\n<meta property=\"og:site_name\" content=\"Artesanias Toal\" \/>\n<meta property=\"article:publisher\" content=\"https:\/\/www.facebook.com\/Artesanias.TOAL\" \/>\n<meta property=\"article:modified_time\" content=\"2020-10-03T16:51:57+00:00\" \/>\n<meta property=\"og:image\" content=\"http:\/\/artesaniastoal.com\/wp-content\/uploads\/2020\/08\/toal_14-min-500x380.jpg\" \/>\n<meta name=\"twitter:card\" content=\"summary_large_image\" \/>\n<script type=\"application\/ld+json\" class=\"yoast-schema-graph\">{\"@context\":\"https:\/\/schema.org\",\"@graph\":[{\"@type\":\"WebPage\",\"@id\":\"https:\/\/artesaniastoal.com\/alfareros\/\",\"url\":\"https:\/\/artesaniastoal.com\/alfareros\/\",\"name\":\"Alfareros | Artesanias Toal\",\"isPartOf\":{\"@id\":\"https:\/\/artesaniastoal.com\/#website\"},\"primaryImageOfPage\":{\"@id\":\"https:\/\/artesaniastoal.com\/alfareros\/#primaryimage\"},\"image\":{\"@id\":\"https:\/\/artesaniastoal.com\/alfareros\/#primaryimage\"},\"thumbnailUrl\":\"http:\/\/artesaniastoal.com\/wp-content\/uploads\/2020\/08\/toal_14-min-500x380.jpg\",\"datePublished\":\"2020-04-05T01:35:36+00:00\",\"dateModified\":\"2020-10-03T16:51:57+00:00\",\"breadcrumb\":{\"@id\":\"https:\/\/artesaniastoal.com\/alfareros\/#breadcrumb\"},\"inLanguage\":\"en-US\",\"potentialAction\":[{\"@type\":\"ReadAction\",\"target\":[\"https:\/\/artesaniastoal.com\/alfareros\/\"]}]},{\"@type\":\"ImageObject\",\"inLanguage\":\"en-US\",\"@id\":\"https:\/\/artesaniastoal.com\/alfareros\/#primaryimage\",\"url\":\"http:\/\/artesaniastoal.com\/wp-content\/uploads\/2020\/08\/toal_14-min-500x380.jpg\",\"contentUrl\":\"http:\/\/artesaniastoal.com\/wp-content\/uploads\/2020\/08\/toal_14-min-500x380.jpg\"},{\"@type\":\"BreadcrumbList\",\"@id\":\"https:\/\/artesaniastoal.com\/alfareros\/#breadcrumb\",\"itemListElement\":[{\"@type\":\"ListItem\",\"position\":1,\"name\":\"Portada\",\"item\":\"https:\/\/artesaniastoal.com\/\"},{\"@type\":\"ListItem\",\"position\":2,\"name\":\"Alfareros\"}]},{\"@type\":\"WebSite\",\"@id\":\"https:\/\/artesaniastoal.com\/#website\",\"url\":\"https:\/\/artesaniastoal.com\/\",\"name\":\"Artesanias Toal\",\"description\":\"Lo mejor de M\u00e9xico para el mundo\",\"publisher\":{\"@id\":\"https:\/\/artesaniastoal.com\/#organization\"},\"potentialAction\":[{\"@type\":\"SearchAction\",\"target\":{\"@type\":\"EntryPoint\",\"urlTemplate\":\"https:\/\/artesaniastoal.com\/?s={search_term_string}\"},\"query-input\":{\"@type\":\"PropertyValueSpecification\",\"valueRequired\":true,\"valueName\":\"search_term_string\"}}],\"inLanguage\":\"en-US\"},{\"@type\":\"Organization\",\"@id\":\"https:\/\/artesaniastoal.com\/#organization\",\"name\":\"Artesan\u00edas Toal\",\"url\":\"https:\/\/artesaniastoal.com\/\",\"logo\":{\"@type\":\"ImageObject\",\"inLanguage\":\"en-US\",\"@id\":\"https:\/\/artesaniastoal.com\/#\/schema\/logo\/image\/\",\"url\":\"https:\/\/i0.wp.com\/artesaniastoal.com\/wp-content\/uploads\/2020\/08\/logo2.png?fit=7556%2C4890&ssl=1\",\"contentUrl\":\"https:\/\/i0.wp.com\/artesaniastoal.com\/wp-content\/uploads\/2020\/08\/logo2.png?fit=7556%2C4890&ssl=1\",\"width\":7556,\"height\":4890,\"caption\":\"Artesan\u00edas Toal\"},\"image\":{\"@id\":\"https:\/\/artesaniastoal.com\/#\/schema\/logo\/image\/\"},\"sameAs\":[\"https:\/\/www.facebook.com\/Artesanias.TOAL\"]}]}<\/script>\n<!-- \/ Yoast SEO plugin. -->","yoast_head_json":{"title":"Alfareros | Artesanias Toal","robots":{"index":"index","follow":"follow","max-snippet":"max-snippet:-1","max-image-preview":"max-image-preview:large","max-video-preview":"max-video-preview:-1"},"canonical":"https:\/\/artesaniastoal.com\/en\/alfareros\/","og_locale":"en_US","og_type":"article","og_title":"Alfareros | Artesanias Toal","og_description":"Elicena Cota Graciela Mart\u00ednez Laura Quintana Mart\u00edn Olivas C\u00e9sar Dom\u00ednguez Eli Ortiz","og_url":"https:\/\/artesaniastoal.com\/en\/alfareros\/","og_site_name":"Artesanias Toal","article_publisher":"https:\/\/www.facebook.com\/Artesanias.TOAL","article_modified_time":"2020-10-03T16:51:57+00:00","og_image":[{"url":"http:\/\/artesaniastoal.com\/wp-content\/uploads\/2020\/08\/toal_14-min-500x380.jpg","type":"","width":"","height":""}],"twitter_card":"summary_large_image","schema":{"@context":"https:\/\/schema.org","@graph":[{"@type":"WebPage","@id":"https:\/\/artesaniastoal.com\/alfareros\/","url":"https:\/\/artesaniastoal.com\/alfareros\/","name":"Alfareros | Artesanias Toal","isPartOf":{"@id":"https:\/\/artesaniastoal.com\/#website"},"primaryImageOfPage":{"@id":"https:\/\/artesaniastoal.com\/alfareros\/#primaryimage"},"image":{"@id":"https:\/\/artesaniastoal.com\/alfareros\/#primaryimage"},"thumbnailUrl":"http:\/\/artesaniastoal.com\/wp-content\/uploads\/2020\/08\/toal_14-min-500x380.jpg","datePublished":"2020-04-05T01:35:36+00:00","dateModified":"2020-10-03T16:51:57+00:00","breadcrumb":{"@id":"https:\/\/artesaniastoal.com\/alfareros\/#breadcrumb"},"inLanguage":"en-US","potentialAction":[{"@type":"ReadAction","target":["https:\/\/artesaniastoal.com\/alfareros\/"]}]},{"@type":"ImageObject","inLanguage":"en-US","@id":"https:\/\/artesaniastoal.com\/alfareros\/#primaryimage","url":"http:\/\/artesaniastoal.com\/wp-content\/uploads\/2020\/08\/toal_14-min-500x380.jpg","contentUrl":"http:\/\/artesaniastoal.com\/wp-content\/uploads\/2020\/08\/toal_14-min-500x380.jpg"},{"@type":"BreadcrumbList","@id":"https:\/\/artesaniastoal.com\/alfareros\/#breadcrumb","itemListElement":[{"@type":"ListItem","position":1,"name":"Portada","item":"https:\/\/artesaniastoal.com\/"},{"@type":"ListItem","position":2,"name":"Alfareros"}]},{"@type":"WebSite","@id":"https:\/\/artesaniastoal.com\/#website","url":"https:\/\/artesaniastoal.com\/","name":"Artesanias Toal","description":"Lo mejor de M\u00e9xico para el mundo","publisher":{"@id":"https:\/\/artesaniastoal.com\/#organization"},"potentialAction":[{"@type":"SearchAction","target":{"@type":"EntryPoint","urlTemplate":"https:\/\/artesaniastoal.com\/?s={search_term_string}"},"query-input":{"@type":"PropertyValueSpecification","valueRequired":true,"valueName":"search_term_string"}}],"inLanguage":"en-US"},{"@type":"Organization","@id":"https:\/\/artesaniastoal.com\/#organization","name":"Artesan\u00edas Toal","url":"https:\/\/artesaniastoal.com\/","logo":{"@type":"ImageObject","inLanguage":"en-US","@id":"https:\/\/artesaniastoal.com\/#\/schema\/logo\/image\/","url":"https:\/\/i0.wp.com\/artesaniastoal.com\/wp-content\/uploads\/2020\/08\/logo2.png?fit=7556%2C4890&ssl=1","contentUrl":"https:\/\/i0.wp.com\/artesaniastoal.com\/wp-content\/uploads\/2020\/08\/logo2.png?fit=7556%2C4890&ssl=1","width":7556,"height":4890,"caption":"Artesan\u00edas Toal"},"image":{"@id":"https:\/\/artesaniastoal.com\/#\/schema\/logo\/image\/"},"sameAs":["https:\/\/www.facebook.com\/Artesanias.TOAL"]}]}},"jetpack_sharing_enabled":true,"_links":{"self":[{"href":"https:\/\/artesaniastoal.com\/en\/wp-json\/wp\/v2\/pages\/792","targetHints":{"allow":["GET"]}}],"collection":[{"href":"https:\/\/artesaniastoal.com\/en\/wp-json\/wp\/v2\/pages"}],"about":[{"href":"https:\/\/artesaniastoal.com\/en\/wp-json\/wp\/v2\/types\/page"}],"author":[{"embeddable":true,"href":"https:\/\/artesaniastoal.com\/en\/wp-json\/wp\/v2\/users\/1"}],"replies":[{"embeddable":true,"href":"https:\/\/artesaniastoal.com\/en\/wp-json\/wp\/v2\/comments?post=792"}],"version-history":[{"count":20,"href":"https:\/\/artesaniastoal.com\/en\/wp-json\/wp\/v2\/pages\/792\/revisions"}],"predecessor-version":[{"id":1394,"href":"https:\/\/artesaniastoal.com\/en\/wp-json\/wp\/v2\/pages\/792\/revisions\/1394"}],"wp:attachment":[{"href":"https:\/\/artesaniastoal.com\/en\/wp-json\/wp\/v2\/media?parent=792"}],"curies":[{"name":"wp","href":"https:\/\/api.w.org\/{rel}","templated":true}]}}