{"id":751,"date":"2020-04-04T16:28:54","date_gmt":"2020-04-04T23:28:54","guid":{"rendered":"http:\/\/artesaniastoal.com\/?page_id=751"},"modified":"2020-10-03T10:10:52","modified_gmt":"2020-10-03T17:10:52","slug":"laura-quintana","status":"publish","type":"page","link":"https:\/\/artesaniastoal.com\/en\/laura-quintana\/","title":{"rendered":"Laura Quintana"},"content":{"rendered":"<div data-elementor-type=\"wp-page\" data-elementor-id=\"751\" class=\"elementor elementor-751\">\n\t\t\t\t\t\t<section class=\"elementor-section elementor-top-section elementor-element elementor-element-6e72e7c elementor-section-boxed elementor-section-height-default elementor-section-height-default parallax_section_no qode_elementor_container_no\" data-id=\"6e72e7c\" data-element_type=\"section\" data-e-type=\"section\">\n\t\t\t\t\t\t<div class=\"elementor-container elementor-column-gap-default\">\n\t\t\t\t\t<div class=\"elementor-column elementor-col-50 elementor-top-column elementor-element elementor-element-e7a6e6d\" data-id=\"e7a6e6d\" data-element_type=\"column\" data-e-type=\"column\">\n\t\t\t<div class=\"elementor-widget-wrap elementor-element-populated\">\n\t\t\t\t\t\t<div class=\"elementor-element elementor-element-096cc0e elementor-widget elementor-widget-image\" data-id=\"096cc0e\" data-element_type=\"widget\" data-e-type=\"widget\" data-settings=\"{&quot;_animation&quot;:&quot;none&quot;,&quot;_animation_delay&quot;:&quot;300&quot;}\" data-widget_type=\"image.default\">\n\t\t\t\t<div class=\"elementor-widget-container\">\n\t\t\t\t\t\t\t\t\t\t\t\t\t\t\t<img fetchpriority=\"high\" decoding=\"async\" width=\"225\" height=\"300\" src=\"https:\/\/i0.wp.com\/artesaniastoal.com\/wp-content\/uploads\/2020\/04\/Laura-Quintana-Valenzuela-scaled-e1586007682949.jpg?fit=225%2C300&amp;ssl=1\" class=\"attachment-medium size-medium wp-image-673\" alt=\"\" srcset=\"https:\/\/i0.wp.com\/artesaniastoal.com\/wp-content\/uploads\/2020\/04\/Laura-Quintana-Valenzuela-scaled-e1586007682949.jpg?w=1920&amp;ssl=1 1920w, https:\/\/i0.wp.com\/artesaniastoal.com\/wp-content\/uploads\/2020\/04\/Laura-Quintana-Valenzuela-scaled-e1586007682949.jpg?resize=600%2C800&amp;ssl=1 600w, https:\/\/i0.wp.com\/artesaniastoal.com\/wp-content\/uploads\/2020\/04\/Laura-Quintana-Valenzuela-scaled-e1586007682949.jpg?resize=225%2C300&amp;ssl=1 225w, https:\/\/i0.wp.com\/artesaniastoal.com\/wp-content\/uploads\/2020\/04\/Laura-Quintana-Valenzuela-scaled-e1586007682949.jpg?resize=768%2C1024&amp;ssl=1 768w, https:\/\/i0.wp.com\/artesaniastoal.com\/wp-content\/uploads\/2020\/04\/Laura-Quintana-Valenzuela-scaled-e1586007682949.jpg?resize=1152%2C1536&amp;ssl=1 1152w, https:\/\/i0.wp.com\/artesaniastoal.com\/wp-content\/uploads\/2020\/04\/Laura-Quintana-Valenzuela-scaled-e1586007682949.jpg?resize=1536%2C2048&amp;ssl=1 1536w, https:\/\/i0.wp.com\/artesaniastoal.com\/wp-content\/uploads\/2020\/04\/Laura-Quintana-Valenzuela-scaled-e1586007682949.jpg?resize=700%2C933&amp;ssl=1 700w\" sizes=\"(max-width: 225px) 100vw, 225px\" \/>\t\t\t\t\t\t\t\t\t\t\t\t\t\t\t<\/div>\n\t\t\t\t<\/div>\n\t\t\t\t\t<\/div>\n\t\t<\/div>\n\t\t\t\t<div class=\"elementor-column elementor-col-50 elementor-top-column elementor-element elementor-element-99a76e2\" data-id=\"99a76e2\" data-element_type=\"column\" data-e-type=\"column\">\n\t\t\t<div class=\"elementor-widget-wrap elementor-element-populated\">\n\t\t\t\t\t\t<div class=\"elementor-element elementor-element-a455217 elementor-widget elementor-widget-text-editor\" data-id=\"a455217\" data-element_type=\"widget\" data-e-type=\"widget\" data-settings=\"{&quot;_animation&quot;:&quot;none&quot;,&quot;_animation_delay&quot;:&quot;300&quot;}\" data-widget_type=\"text-editor.default\">\n\t\t\t\t<div class=\"elementor-widget-container\">\n\t\t\t\t\t\t\t\t\t<h3>Ficha t\u00e9cnica<\/h3><div>\u00a0<\/div><p><strong>Profesi\u00f3n\u00a0 \u00a0 \u00a0 \u00a0 \u00a0 :<\/strong>\u00a0 \u00a0 Alfarero Profesional<\/p><p>\u00a0<\/p><p><strong>Nacionalidad\u00a0 \u00a0:<\/strong>\u00a0 \u00a0 Mexicana<\/p><p>\u00a0<\/p><p><strong>Lugar\u00a0 \u00a0 \u00a0 \u00a0 \u00a0 \u00a0 \u00a0 \u00a0 \u00a0:<\/strong>\u00a0 \u00a0 Mata Ort\u00edz, Chihuahua<\/p><p>\u00a0<\/p><p><strong>Edad\u00a0 \u00a0 \u00a0 \u00a0 \u00a0 \u00a0 \u00a0 \u00a0 \u00a0 \u00a0:\u00a0 \u00a0<\/strong>\u00a039<\/p><p>\u00a0<\/p><p><strong>Experiencia\u00a0 \u00a0 \u00a0 \u00a0 :\u00a0<\/strong> \u00a020+ a\u00f1os<\/p><p>\u00a0<\/p>\t\t\t\t\t\t\t\t<\/div>\n\t\t\t\t<\/div>\n\t\t\t\t\t<\/div>\n\t\t<\/div>\n\t\t\t\t\t<\/div>\n\t\t<\/section>\n\t\t\t\t<section class=\"elementor-section elementor-top-section elementor-element elementor-element-77cedb3 elementor-section-boxed elementor-section-height-default elementor-section-height-default parallax_section_no qode_elementor_container_no\" data-id=\"77cedb3\" data-element_type=\"section\" data-e-type=\"section\">\n\t\t\t\t\t\t<div class=\"elementor-container elementor-column-gap-default\">\n\t\t\t\t\t<div class=\"elementor-column elementor-col-50 elementor-top-column elementor-element elementor-element-c86b228\" data-id=\"c86b228\" data-element_type=\"column\" data-e-type=\"column\">\n\t\t\t<div class=\"elementor-widget-wrap elementor-element-populated\">\n\t\t\t\t\t\t<div class=\"elementor-element elementor-element-dc1e6c8 elementor-widget elementor-widget-text-editor\" data-id=\"dc1e6c8\" data-element_type=\"widget\" data-e-type=\"widget\" data-settings=\"{&quot;_animation&quot;:&quot;none&quot;}\" data-widget_type=\"text-editor.default\">\n\t\t\t\t<div class=\"elementor-widget-container\">\n\t\t\t\t\t\t\t\t\t<p>Cuenta con 39 a\u00f1os actualmente, y con 20 a\u00f1os de carrera en la alfarer\u00eda, su maestro fue su esposo Efr\u00e9n Quezada y su suegro Juan Quezada Celado, ha participado en concursos locales en el pueblo de Mata Ortiz, contando con una exposici\u00f3n destacada en que la fuera la residencia presidencial de Los Pinos en la CDMX.<\/p>\t\t\t\t\t\t\t\t<\/div>\n\t\t\t\t<\/div>\n\t\t\t\t\t<\/div>\n\t\t<\/div>\n\t\t\t\t<div class=\"elementor-column elementor-col-50 elementor-top-column elementor-element elementor-element-6e5615a\" data-id=\"6e5615a\" data-element_type=\"column\" data-e-type=\"column\">\n\t\t\t<div class=\"elementor-widget-wrap elementor-element-populated\">\n\t\t\t\t\t\t<div class=\"elementor-element elementor-element-fc91990 elementor-widget elementor-widget-image\" data-id=\"fc91990\" data-element_type=\"widget\" data-e-type=\"widget\" data-settings=\"{&quot;_animation&quot;:&quot;none&quot;,&quot;_animation_delay&quot;:&quot;300&quot;}\" data-widget_type=\"image.default\">\n\t\t\t\t<div class=\"elementor-widget-container\">\n\t\t\t\t\t\t\t\t\t\t\t\t\t\t\t<img decoding=\"async\" width=\"300\" height=\"200\" src=\"https:\/\/i0.wp.com\/artesaniastoal.com\/wp-content\/uploads\/2020\/09\/Pieza-B2-scaled.jpg?fit=300%2C200&amp;ssl=1\" class=\"attachment-medium size-medium wp-image-1181\" alt=\"\" srcset=\"https:\/\/i0.wp.com\/artesaniastoal.com\/wp-content\/uploads\/2020\/09\/Pieza-B2-scaled.jpg?w=2560&amp;ssl=1 2560w, https:\/\/i0.wp.com\/artesaniastoal.com\/wp-content\/uploads\/2020\/09\/Pieza-B2-scaled.jpg?resize=600%2C400&amp;ssl=1 600w, https:\/\/i0.wp.com\/artesaniastoal.com\/wp-content\/uploads\/2020\/09\/Pieza-B2-scaled.jpg?resize=300%2C200&amp;ssl=1 300w, https:\/\/i0.wp.com\/artesaniastoal.com\/wp-content\/uploads\/2020\/09\/Pieza-B2-scaled.jpg?resize=1024%2C683&amp;ssl=1 1024w, https:\/\/i0.wp.com\/artesaniastoal.com\/wp-content\/uploads\/2020\/09\/Pieza-B2-scaled.jpg?resize=768%2C512&amp;ssl=1 768w, https:\/\/i0.wp.com\/artesaniastoal.com\/wp-content\/uploads\/2020\/09\/Pieza-B2-scaled.jpg?resize=1536%2C1024&amp;ssl=1 1536w, https:\/\/i0.wp.com\/artesaniastoal.com\/wp-content\/uploads\/2020\/09\/Pieza-B2-scaled.jpg?resize=2048%2C1365&amp;ssl=1 2048w, https:\/\/i0.wp.com\/artesaniastoal.com\/wp-content\/uploads\/2020\/09\/Pieza-B2-scaled.jpg?resize=700%2C467&amp;ssl=1 700w, https:\/\/i0.wp.com\/artesaniastoal.com\/wp-content\/uploads\/2020\/09\/Pieza-B2-scaled.jpg?w=2120&amp;ssl=1 2120w\" sizes=\"(max-width: 300px) 100vw, 300px\" \/>\t\t\t\t\t\t\t\t\t\t\t\t\t\t\t<\/div>\n\t\t\t\t<\/div>\n\t\t\t\t\t<\/div>\n\t\t<\/div>\n\t\t\t\t\t<\/div>\n\t\t<\/section>\n\t\t\t\t<section class=\"elementor-section elementor-top-section elementor-element elementor-element-1637812 elementor-section-boxed elementor-section-height-default elementor-section-height-default parallax_section_no qode_elementor_container_no\" data-id=\"1637812\" data-element_type=\"section\" data-e-type=\"section\">\n\t\t\t\t\t\t<div class=\"elementor-container elementor-column-gap-default\">\n\t\t\t\t\t<div class=\"elementor-column elementor-col-100 elementor-top-column elementor-element elementor-element-371006b\" data-id=\"371006b\" data-element_type=\"column\" data-e-type=\"column\">\n\t\t\t<div class=\"elementor-widget-wrap elementor-element-populated\">\n\t\t\t\t\t\t<div class=\"elementor-element elementor-element-febd0bb elementor-widget elementor-widget-spacer\" data-id=\"febd0bb\" data-element_type=\"widget\" data-e-type=\"widget\" data-widget_type=\"spacer.default\">\n\t\t\t\t<div class=\"elementor-widget-container\">\n\t\t\t\t\t\t\t<div class=\"elementor-spacer\">\n\t\t\t<div class=\"elementor-spacer-inner\"><\/div>\n\t\t<\/div>\n\t\t\t\t\t\t<\/div>\n\t\t\t\t<\/div>\n\t\t\t\t\t<\/div>\n\t\t<\/div>\n\t\t\t\t\t<\/div>\n\t\t<\/section>\n\t\t\t\t<section class=\"elementor-section elementor-top-section elementor-element elementor-element-0fbdac9 elementor-section-boxed elementor-section-height-default elementor-section-height-default parallax_section_no qode_elementor_container_no\" data-id=\"0fbdac9\" data-element_type=\"section\" data-e-type=\"section\">\n\t\t\t\t\t\t<div class=\"elementor-container elementor-column-gap-default\">\n\t\t\t\t\t<div class=\"elementor-column elementor-col-50 elementor-top-column elementor-element elementor-element-fe3bb25\" data-id=\"fe3bb25\" data-element_type=\"column\" data-e-type=\"column\">\n\t\t\t<div class=\"elementor-widget-wrap elementor-element-populated\">\n\t\t\t\t\t\t<div class=\"elementor-element elementor-element-0a70e10 elementor-widget elementor-widget-image\" data-id=\"0a70e10\" data-element_type=\"widget\" data-e-type=\"widget\" data-settings=\"{&quot;_animation&quot;:&quot;none&quot;}\" data-widget_type=\"image.default\">\n\t\t\t\t<div class=\"elementor-widget-container\">\n\t\t\t\t\t\t\t\t\t\t\t\t\t\t\t<img decoding=\"async\" width=\"1024\" height=\"695\" src=\"https:\/\/i0.wp.com\/artesaniastoal.com\/wp-content\/uploads\/2020\/09\/toal_13c-scaled.jpg?fit=1024%2C695&amp;ssl=1\" class=\"attachment-large size-large wp-image-1296\" alt=\"\" srcset=\"https:\/\/i0.wp.com\/artesaniastoal.com\/wp-content\/uploads\/2020\/09\/toal_13c-scaled.jpg?w=2560&amp;ssl=1 2560w, https:\/\/i0.wp.com\/artesaniastoal.com\/wp-content\/uploads\/2020\/09\/toal_13c-scaled.jpg?resize=600%2C407&amp;ssl=1 600w, https:\/\/i0.wp.com\/artesaniastoal.com\/wp-content\/uploads\/2020\/09\/toal_13c-scaled.jpg?resize=300%2C204&amp;ssl=1 300w, https:\/\/i0.wp.com\/artesaniastoal.com\/wp-content\/uploads\/2020\/09\/toal_13c-scaled.jpg?resize=1024%2C695&amp;ssl=1 1024w, https:\/\/i0.wp.com\/artesaniastoal.com\/wp-content\/uploads\/2020\/09\/toal_13c-scaled.jpg?resize=768%2C521&amp;ssl=1 768w, https:\/\/i0.wp.com\/artesaniastoal.com\/wp-content\/uploads\/2020\/09\/toal_13c-scaled.jpg?resize=1536%2C1042&amp;ssl=1 1536w, https:\/\/i0.wp.com\/artesaniastoal.com\/wp-content\/uploads\/2020\/09\/toal_13c-scaled.jpg?resize=2048%2C1390&amp;ssl=1 2048w, https:\/\/i0.wp.com\/artesaniastoal.com\/wp-content\/uploads\/2020\/09\/toal_13c-scaled.jpg?resize=700%2C475&amp;ssl=1 700w, https:\/\/i0.wp.com\/artesaniastoal.com\/wp-content\/uploads\/2020\/09\/toal_13c-scaled.jpg?w=2120&amp;ssl=1 2120w\" sizes=\"(max-width: 1024px) 100vw, 1024px\" \/>\t\t\t\t\t\t\t\t\t\t\t\t\t\t\t<\/div>\n\t\t\t\t<\/div>\n\t\t\t\t\t<\/div>\n\t\t<\/div>\n\t\t\t\t<div class=\"elementor-column elementor-col-50 elementor-top-column elementor-element elementor-element-73708d0\" data-id=\"73708d0\" data-element_type=\"column\" data-e-type=\"column\">\n\t\t\t<div class=\"elementor-widget-wrap elementor-element-populated\">\n\t\t\t\t\t\t<div class=\"elementor-element elementor-element-e37edd3 elementor-widget elementor-widget-image\" data-id=\"e37edd3\" data-element_type=\"widget\" data-e-type=\"widget\" data-settings=\"{&quot;_animation&quot;:&quot;none&quot;}\" data-widget_type=\"image.default\">\n\t\t\t\t<div class=\"elementor-widget-container\">\n\t\t\t\t\t\t\t\t\t\t\t\t\t\t\t<img loading=\"lazy\" decoding=\"async\" width=\"1024\" height=\"683\" src=\"https:\/\/i0.wp.com\/artesaniastoal.com\/wp-content\/uploads\/2020\/09\/toal_6-scaled.jpg?fit=1024%2C683&amp;ssl=1\" class=\"attachment-large size-large wp-image-1295\" alt=\"\" srcset=\"https:\/\/i0.wp.com\/artesaniastoal.com\/wp-content\/uploads\/2020\/09\/toal_6-scaled.jpg?w=2560&amp;ssl=1 2560w, https:\/\/i0.wp.com\/artesaniastoal.com\/wp-content\/uploads\/2020\/09\/toal_6-scaled.jpg?resize=600%2C400&amp;ssl=1 600w, https:\/\/i0.wp.com\/artesaniastoal.com\/wp-content\/uploads\/2020\/09\/toal_6-scaled.jpg?resize=300%2C200&amp;ssl=1 300w, https:\/\/i0.wp.com\/artesaniastoal.com\/wp-content\/uploads\/2020\/09\/toal_6-scaled.jpg?resize=1024%2C683&amp;ssl=1 1024w, https:\/\/i0.wp.com\/artesaniastoal.com\/wp-content\/uploads\/2020\/09\/toal_6-scaled.jpg?resize=768%2C512&amp;ssl=1 768w, https:\/\/i0.wp.com\/artesaniastoal.com\/wp-content\/uploads\/2020\/09\/toal_6-scaled.jpg?resize=1536%2C1024&amp;ssl=1 1536w, https:\/\/i0.wp.com\/artesaniastoal.com\/wp-content\/uploads\/2020\/09\/toal_6-scaled.jpg?resize=2048%2C1365&amp;ssl=1 2048w, https:\/\/i0.wp.com\/artesaniastoal.com\/wp-content\/uploads\/2020\/09\/toal_6-scaled.jpg?resize=700%2C467&amp;ssl=1 700w, https:\/\/i0.wp.com\/artesaniastoal.com\/wp-content\/uploads\/2020\/09\/toal_6-scaled.jpg?w=2120&amp;ssl=1 2120w\" sizes=\"(max-width: 1024px) 100vw, 1024px\" \/>\t\t\t\t\t\t\t\t\t\t\t\t\t\t\t<\/div>\n\t\t\t\t<\/div>\n\t\t\t\t\t<\/div>\n\t\t<\/div>\n\t\t\t\t\t<\/div>\n\t\t<\/section>\n\t\t\t\t<section class=\"elementor-section elementor-top-section elementor-element elementor-element-a969e18 elementor-section-boxed elementor-section-height-default elementor-section-height-default parallax_section_no qode_elementor_container_no\" data-id=\"a969e18\" data-element_type=\"section\" data-e-type=\"section\">\n\t\t\t\t\t\t<div class=\"elementor-container elementor-column-gap-default\">\n\t\t\t\t\t<div class=\"elementor-column elementor-col-100 elementor-top-column elementor-element elementor-element-8261012\" data-id=\"8261012\" data-element_type=\"column\" data-e-type=\"column\">\n\t\t\t<div class=\"elementor-widget-wrap elementor-element-populated\">\n\t\t\t\t\t\t<div class=\"elementor-element elementor-element-79de00a elementor-widget elementor-widget-spacer\" data-id=\"79de00a\" data-element_type=\"widget\" data-e-type=\"widget\" data-widget_type=\"spacer.default\">\n\t\t\t\t<div class=\"elementor-widget-container\">\n\t\t\t\t\t\t\t<div class=\"elementor-spacer\">\n\t\t\t<div class=\"elementor-spacer-inner\"><\/div>\n\t\t<\/div>\n\t\t\t\t\t\t<\/div>\n\t\t\t\t<\/div>\n\t\t\t\t\t<\/div>\n\t\t<\/div>\n\t\t\t\t\t<\/div>\n\t\t<\/section>\n\t\t\t\t<\/div>","protected":false},"excerpt":{"rendered":"<p>Ficha t\u00e9cnica \u00a0 Profesi\u00f3n\u00a0 \u00a0 \u00a0 \u00a0 \u00a0 :\u00a0 \u00a0 Alfarero Profesional \u00a0 Nacionalidad\u00a0 \u00a0:\u00a0 \u00a0 Mexicana \u00a0 Lugar\u00a0 \u00a0 \u00a0 \u00a0 \u00a0 \u00a0 \u00a0 \u00a0 \u00a0:\u00a0 \u00a0 Mata Ort\u00edz, Chihuahua \u00a0 Edad\u00a0 \u00a0 \u00a0 \u00a0 \u00a0 \u00a0 \u00a0 \u00a0 \u00a0 \u00a0:\u00a0 \u00a0\u00a039 \u00a0 Experiencia\u00a0&#8230;<\/p>","protected":false},"author":1,"featured_media":0,"parent":0,"menu_order":0,"comment_status":"closed","ping_status":"closed","template":"","meta":{"footnotes":""},"class_list":["post-751","page","type-page","status-publish","hentry"],"yoast_head":"<!-- This site is optimized with the Yoast SEO plugin v27.2 - https:\/\/yoast.com\/product\/yoast-seo-wordpress\/ -->\n<title>Laura Quintana | Artesanias Toal<\/title>\n<meta name=\"robots\" content=\"index, follow, max-snippet:-1, max-image-preview:large, max-video-preview:-1\" \/>\n<link rel=\"canonical\" href=\"https:\/\/artesaniastoal.com\/en\/laura-quintana\/\" \/>\n<meta property=\"og:locale\" content=\"en_US\" \/>\n<meta property=\"og:type\" content=\"article\" \/>\n<meta property=\"og:title\" content=\"Laura Quintana | Artesanias Toal\" \/>\n<meta property=\"og:description\" content=\"Ficha t\u00e9cnica \u00a0 Profesi\u00f3n\u00a0 \u00a0 \u00a0 \u00a0 \u00a0 :\u00a0 \u00a0 Alfarero Profesional \u00a0 Nacionalidad\u00a0 \u00a0:\u00a0 \u00a0 Mexicana \u00a0 Lugar\u00a0 \u00a0 \u00a0 \u00a0 \u00a0 \u00a0 \u00a0 \u00a0 \u00a0:\u00a0 \u00a0 Mata Ort\u00edz, Chihuahua \u00a0 Edad\u00a0 \u00a0 \u00a0 \u00a0 \u00a0 \u00a0 \u00a0 \u00a0 \u00a0 \u00a0:\u00a0 \u00a0\u00a039 \u00a0 Experiencia\u00a0...\" \/>\n<meta property=\"og:url\" content=\"https:\/\/artesaniastoal.com\/en\/laura-quintana\/\" \/>\n<meta property=\"og:site_name\" content=\"Artesanias Toal\" \/>\n<meta property=\"article:publisher\" content=\"https:\/\/www.facebook.com\/Artesanias.TOAL\" \/>\n<meta property=\"article:modified_time\" content=\"2020-10-03T17:10:52+00:00\" \/>\n<meta property=\"og:image\" content=\"http:\/\/artesaniastoal.com\/wp-content\/uploads\/2020\/04\/Laura-Quintana-Valenzuela-scaled-e1586007682949-225x300.jpg\" \/>\n<meta name=\"twitter:card\" content=\"summary_large_image\" \/>\n<script type=\"application\/ld+json\" class=\"yoast-schema-graph\">{\"@context\":\"https:\/\/schema.org\",\"@graph\":[{\"@type\":\"WebPage\",\"@id\":\"https:\/\/artesaniastoal.com\/laura-quintana\/\",\"url\":\"https:\/\/artesaniastoal.com\/laura-quintana\/\",\"name\":\"Laura Quintana | Artesanias Toal\",\"isPartOf\":{\"@id\":\"https:\/\/artesaniastoal.com\/#website\"},\"primaryImageOfPage\":{\"@id\":\"https:\/\/artesaniastoal.com\/laura-quintana\/#primaryimage\"},\"image\":{\"@id\":\"https:\/\/artesaniastoal.com\/laura-quintana\/#primaryimage\"},\"thumbnailUrl\":\"http:\/\/artesaniastoal.com\/wp-content\/uploads\/2020\/04\/Laura-Quintana-Valenzuela-scaled-e1586007682949-225x300.jpg\",\"datePublished\":\"2020-04-04T23:28:54+00:00\",\"dateModified\":\"2020-10-03T17:10:52+00:00\",\"breadcrumb\":{\"@id\":\"https:\/\/artesaniastoal.com\/laura-quintana\/#breadcrumb\"},\"inLanguage\":\"en-US\",\"potentialAction\":[{\"@type\":\"ReadAction\",\"target\":[\"https:\/\/artesaniastoal.com\/laura-quintana\/\"]}]},{\"@type\":\"ImageObject\",\"inLanguage\":\"en-US\",\"@id\":\"https:\/\/artesaniastoal.com\/laura-quintana\/#primaryimage\",\"url\":\"http:\/\/artesaniastoal.com\/wp-content\/uploads\/2020\/04\/Laura-Quintana-Valenzuela-scaled-e1586007682949-225x300.jpg\",\"contentUrl\":\"http:\/\/artesaniastoal.com\/wp-content\/uploads\/2020\/04\/Laura-Quintana-Valenzuela-scaled-e1586007682949-225x300.jpg\"},{\"@type\":\"BreadcrumbList\",\"@id\":\"https:\/\/artesaniastoal.com\/laura-quintana\/#breadcrumb\",\"itemListElement\":[{\"@type\":\"ListItem\",\"position\":1,\"name\":\"Portada\",\"item\":\"https:\/\/artesaniastoal.com\/\"},{\"@type\":\"ListItem\",\"position\":2,\"name\":\"Laura Quintana\"}]},{\"@type\":\"WebSite\",\"@id\":\"https:\/\/artesaniastoal.com\/#website\",\"url\":\"https:\/\/artesaniastoal.com\/\",\"name\":\"Artesanias Toal\",\"description\":\"Lo mejor de M\u00e9xico para el mundo\",\"publisher\":{\"@id\":\"https:\/\/artesaniastoal.com\/#organization\"},\"potentialAction\":[{\"@type\":\"SearchAction\",\"target\":{\"@type\":\"EntryPoint\",\"urlTemplate\":\"https:\/\/artesaniastoal.com\/?s={search_term_string}\"},\"query-input\":{\"@type\":\"PropertyValueSpecification\",\"valueRequired\":true,\"valueName\":\"search_term_string\"}}],\"inLanguage\":\"en-US\"},{\"@type\":\"Organization\",\"@id\":\"https:\/\/artesaniastoal.com\/#organization\",\"name\":\"Artesan\u00edas Toal\",\"url\":\"https:\/\/artesaniastoal.com\/\",\"logo\":{\"@type\":\"ImageObject\",\"inLanguage\":\"en-US\",\"@id\":\"https:\/\/artesaniastoal.com\/#\/schema\/logo\/image\/\",\"url\":\"https:\/\/i0.wp.com\/artesaniastoal.com\/wp-content\/uploads\/2020\/08\/logo2.png?fit=7556%2C4890&ssl=1\",\"contentUrl\":\"https:\/\/i0.wp.com\/artesaniastoal.com\/wp-content\/uploads\/2020\/08\/logo2.png?fit=7556%2C4890&ssl=1\",\"width\":7556,\"height\":4890,\"caption\":\"Artesan\u00edas Toal\"},\"image\":{\"@id\":\"https:\/\/artesaniastoal.com\/#\/schema\/logo\/image\/\"},\"sameAs\":[\"https:\/\/www.facebook.com\/Artesanias.TOAL\"]}]}<\/script>\n<!-- \/ Yoast SEO plugin. -->","yoast_head_json":{"title":"Laura Quintana | Artesanias Toal","robots":{"index":"index","follow":"follow","max-snippet":"max-snippet:-1","max-image-preview":"max-image-preview:large","max-video-preview":"max-video-preview:-1"},"canonical":"https:\/\/artesaniastoal.com\/en\/laura-quintana\/","og_locale":"en_US","og_type":"article","og_title":"Laura Quintana | Artesanias Toal","og_description":"Ficha t\u00e9cnica \u00a0 Profesi\u00f3n\u00a0 \u00a0 \u00a0 \u00a0 \u00a0 :\u00a0 \u00a0 Alfarero Profesional \u00a0 Nacionalidad\u00a0 \u00a0:\u00a0 \u00a0 Mexicana \u00a0 Lugar\u00a0 \u00a0 \u00a0 \u00a0 \u00a0 \u00a0 \u00a0 \u00a0 \u00a0:\u00a0 \u00a0 Mata Ort\u00edz, Chihuahua \u00a0 Edad\u00a0 \u00a0 \u00a0 \u00a0 \u00a0 \u00a0 \u00a0 \u00a0 \u00a0 \u00a0:\u00a0 \u00a0\u00a039 \u00a0 Experiencia\u00a0...","og_url":"https:\/\/artesaniastoal.com\/en\/laura-quintana\/","og_site_name":"Artesanias Toal","article_publisher":"https:\/\/www.facebook.com\/Artesanias.TOAL","article_modified_time":"2020-10-03T17:10:52+00:00","og_image":[{"url":"http:\/\/artesaniastoal.com\/wp-content\/uploads\/2020\/04\/Laura-Quintana-Valenzuela-scaled-e1586007682949-225x300.jpg","type":"","width":"","height":""}],"twitter_card":"summary_large_image","schema":{"@context":"https:\/\/schema.org","@graph":[{"@type":"WebPage","@id":"https:\/\/artesaniastoal.com\/laura-quintana\/","url":"https:\/\/artesaniastoal.com\/laura-quintana\/","name":"Laura Quintana | Artesanias Toal","isPartOf":{"@id":"https:\/\/artesaniastoal.com\/#website"},"primaryImageOfPage":{"@id":"https:\/\/artesaniastoal.com\/laura-quintana\/#primaryimage"},"image":{"@id":"https:\/\/artesaniastoal.com\/laura-quintana\/#primaryimage"},"thumbnailUrl":"http:\/\/artesaniastoal.com\/wp-content\/uploads\/2020\/04\/Laura-Quintana-Valenzuela-scaled-e1586007682949-225x300.jpg","datePublished":"2020-04-04T23:28:54+00:00","dateModified":"2020-10-03T17:10:52+00:00","breadcrumb":{"@id":"https:\/\/artesaniastoal.com\/laura-quintana\/#breadcrumb"},"inLanguage":"en-US","potentialAction":[{"@type":"ReadAction","target":["https:\/\/artesaniastoal.com\/laura-quintana\/"]}]},{"@type":"ImageObject","inLanguage":"en-US","@id":"https:\/\/artesaniastoal.com\/laura-quintana\/#primaryimage","url":"http:\/\/artesaniastoal.com\/wp-content\/uploads\/2020\/04\/Laura-Quintana-Valenzuela-scaled-e1586007682949-225x300.jpg","contentUrl":"http:\/\/artesaniastoal.com\/wp-content\/uploads\/2020\/04\/Laura-Quintana-Valenzuela-scaled-e1586007682949-225x300.jpg"},{"@type":"BreadcrumbList","@id":"https:\/\/artesaniastoal.com\/laura-quintana\/#breadcrumb","itemListElement":[{"@type":"ListItem","position":1,"name":"Portada","item":"https:\/\/artesaniastoal.com\/"},{"@type":"ListItem","position":2,"name":"Laura Quintana"}]},{"@type":"WebSite","@id":"https:\/\/artesaniastoal.com\/#website","url":"https:\/\/artesaniastoal.com\/","name":"Artesanias Toal","description":"Lo mejor de M\u00e9xico para el mundo","publisher":{"@id":"https:\/\/artesaniastoal.com\/#organization"},"potentialAction":[{"@type":"SearchAction","target":{"@type":"EntryPoint","urlTemplate":"https:\/\/artesaniastoal.com\/?s={search_term_string}"},"query-input":{"@type":"PropertyValueSpecification","valueRequired":true,"valueName":"search_term_string"}}],"inLanguage":"en-US"},{"@type":"Organization","@id":"https:\/\/artesaniastoal.com\/#organization","name":"Artesan\u00edas Toal","url":"https:\/\/artesaniastoal.com\/","logo":{"@type":"ImageObject","inLanguage":"en-US","@id":"https:\/\/artesaniastoal.com\/#\/schema\/logo\/image\/","url":"https:\/\/i0.wp.com\/artesaniastoal.com\/wp-content\/uploads\/2020\/08\/logo2.png?fit=7556%2C4890&ssl=1","contentUrl":"https:\/\/i0.wp.com\/artesaniastoal.com\/wp-content\/uploads\/2020\/08\/logo2.png?fit=7556%2C4890&ssl=1","width":7556,"height":4890,"caption":"Artesan\u00edas Toal"},"image":{"@id":"https:\/\/artesaniastoal.com\/#\/schema\/logo\/image\/"},"sameAs":["https:\/\/www.facebook.com\/Artesanias.TOAL"]}]}},"jetpack_sharing_enabled":true,"_links":{"self":[{"href":"https:\/\/artesaniastoal.com\/en\/wp-json\/wp\/v2\/pages\/751","targetHints":{"allow":["GET"]}}],"collection":[{"href":"https:\/\/artesaniastoal.com\/en\/wp-json\/wp\/v2\/pages"}],"about":[{"href":"https:\/\/artesaniastoal.com\/en\/wp-json\/wp\/v2\/types\/page"}],"author":[{"embeddable":true,"href":"https:\/\/artesaniastoal.com\/en\/wp-json\/wp\/v2\/users\/1"}],"replies":[{"embeddable":true,"href":"https:\/\/artesaniastoal.com\/en\/wp-json\/wp\/v2\/comments?post=751"}],"version-history":[{"count":12,"href":"https:\/\/artesaniastoal.com\/en\/wp-json\/wp\/v2\/pages\/751\/revisions"}],"predecessor-version":[{"id":1401,"href":"https:\/\/artesaniastoal.com\/en\/wp-json\/wp\/v2\/pages\/751\/revisions\/1401"}],"wp:attachment":[{"href":"https:\/\/artesaniastoal.com\/en\/wp-json\/wp\/v2\/media?parent=751"}],"curies":[{"name":"wp","href":"https:\/\/api.w.org\/{rel}","templated":true}]}}