{"id":696,"date":"2020-04-04T07:50:48","date_gmt":"2020-04-04T14:50:48","guid":{"rendered":"http:\/\/artesaniastoal.com\/?page_id=696"},"modified":"2020-10-03T09:59:32","modified_gmt":"2020-10-03T16:59:32","slug":"elicena-cota","status":"publish","type":"page","link":"https:\/\/artesaniastoal.com\/en\/elicena-cota\/","title":{"rendered":"Elicena cota"},"content":{"rendered":"<div data-elementor-type=\"wp-page\" data-elementor-id=\"696\" class=\"elementor elementor-696\">\n\t\t\t\t\t\t<section class=\"elementor-section elementor-top-section elementor-element elementor-element-6e72e7c elementor-section-boxed elementor-section-height-default elementor-section-height-default parallax_section_no qode_elementor_container_no\" data-id=\"6e72e7c\" data-element_type=\"section\" data-e-type=\"section\">\n\t\t\t\t\t\t<div class=\"elementor-container elementor-column-gap-default\">\n\t\t\t\t\t<div class=\"elementor-column elementor-col-50 elementor-top-column elementor-element elementor-element-e7a6e6d\" data-id=\"e7a6e6d\" data-element_type=\"column\" data-e-type=\"column\">\n\t\t\t<div class=\"elementor-widget-wrap elementor-element-populated\">\n\t\t\t\t\t\t<div class=\"elementor-element elementor-element-096cc0e elementor-widget elementor-widget-image\" data-id=\"096cc0e\" data-element_type=\"widget\" data-e-type=\"widget\" data-settings=\"{&quot;_animation&quot;:&quot;none&quot;}\" data-widget_type=\"image.default\">\n\t\t\t\t<div class=\"elementor-widget-container\">\n\t\t\t\t\t\t\t\t\t\t\t\t\t\t\t<img fetchpriority=\"high\" decoding=\"async\" width=\"297\" height=\"300\" src=\"https:\/\/i0.wp.com\/artesaniastoal.com\/wp-content\/uploads\/2020\/04\/Elicena-Cota.png?fit=297%2C300&amp;ssl=1\" class=\"attachment-medium size-medium wp-image-671\" alt=\"\" srcset=\"https:\/\/i0.wp.com\/artesaniastoal.com\/wp-content\/uploads\/2020\/04\/Elicena-Cota.png?w=1676&amp;ssl=1 1676w, https:\/\/i0.wp.com\/artesaniastoal.com\/wp-content\/uploads\/2020\/04\/Elicena-Cota.png?resize=100%2C100&amp;ssl=1 100w, https:\/\/i0.wp.com\/artesaniastoal.com\/wp-content\/uploads\/2020\/04\/Elicena-Cota.png?resize=600%2C606&amp;ssl=1 600w, https:\/\/i0.wp.com\/artesaniastoal.com\/wp-content\/uploads\/2020\/04\/Elicena-Cota.png?resize=297%2C300&amp;ssl=1 297w, https:\/\/i0.wp.com\/artesaniastoal.com\/wp-content\/uploads\/2020\/04\/Elicena-Cota.png?resize=1013%2C1024&amp;ssl=1 1013w, https:\/\/i0.wp.com\/artesaniastoal.com\/wp-content\/uploads\/2020\/04\/Elicena-Cota.png?resize=768%2C776&amp;ssl=1 768w, https:\/\/i0.wp.com\/artesaniastoal.com\/wp-content\/uploads\/2020\/04\/Elicena-Cota.png?resize=1520%2C1536&amp;ssl=1 1520w, https:\/\/i0.wp.com\/artesaniastoal.com\/wp-content\/uploads\/2020\/04\/Elicena-Cota.png?resize=700%2C708&amp;ssl=1 700w\" sizes=\"(max-width: 297px) 100vw, 297px\" \/>\t\t\t\t\t\t\t\t\t\t\t\t\t\t\t<\/div>\n\t\t\t\t<\/div>\n\t\t\t\t\t<\/div>\n\t\t<\/div>\n\t\t\t\t<div class=\"elementor-column elementor-col-50 elementor-top-column elementor-element elementor-element-99a76e2\" data-id=\"99a76e2\" data-element_type=\"column\" data-e-type=\"column\">\n\t\t\t<div class=\"elementor-widget-wrap elementor-element-populated\">\n\t\t\t\t\t\t<div class=\"elementor-element elementor-element-a455217 elementor-widget elementor-widget-text-editor\" data-id=\"a455217\" data-element_type=\"widget\" data-e-type=\"widget\" data-widget_type=\"text-editor.default\">\n\t\t\t\t<div class=\"elementor-widget-container\">\n\t\t\t\t\t\t\t\t\t<pre>\u00a0<\/pre><p><strong>Profesi\u00f3n :<\/strong>\u00a0 \u00a0 \u00a0 \u00a0 \u00a0Alfarero Profesional<\/p><p><br \/><strong>Nacionalidad :<\/strong>\u00a0 Mexicana<\/p><p><br \/><strong>Lugar :<\/strong>\u00a0 \u00a0 \u00a0 \u00a0 \u00a0 \u00a0 \u00a0 \u00a0 \u00a0Mata Ort\u00edz, Chihuahua<\/p><p>\u00a0<\/p><p><strong>Edad :\u00a0 \u00a0<\/strong>\u00a0 \u00a0 \u00a0 \u00a0 \u00a0 \u00a0 \u00a0 \u00a0 40 a\u00f1os<\/p><p>\u00a0<\/p><p><strong>Experiencia:\u00a0<\/strong>\u00a0 \u00a0 \u00a0 23+ a\u00f1os<\/p>\t\t\t\t\t\t\t\t<\/div>\n\t\t\t\t<\/div>\n\t\t\t\t\t<\/div>\n\t\t<\/div>\n\t\t\t\t\t<\/div>\n\t\t<\/section>\n\t\t\t\t<section class=\"elementor-section elementor-top-section elementor-element elementor-element-77cedb3 elementor-section-boxed elementor-section-height-default elementor-section-height-default parallax_section_no qode_elementor_container_no\" data-id=\"77cedb3\" data-element_type=\"section\" data-e-type=\"section\">\n\t\t\t\t\t\t<div class=\"elementor-container elementor-column-gap-default\">\n\t\t\t\t\t<div class=\"elementor-column elementor-col-50 elementor-top-column elementor-element elementor-element-c86b228\" data-id=\"c86b228\" data-element_type=\"column\" data-e-type=\"column\">\n\t\t\t<div class=\"elementor-widget-wrap elementor-element-populated\">\n\t\t\t\t\t\t<div class=\"elementor-element elementor-element-fab994b elementor-widget elementor-widget-text-editor\" data-id=\"fab994b\" data-element_type=\"widget\" data-e-type=\"widget\" data-widget_type=\"text-editor.default\">\n\t\t\t\t<div class=\"elementor-widget-container\">\n\t\t\t\t\t\t\t\t\t<p>Nacida en el a\u00f1o de 1979 en el poblado de Mata Ortiz, Elicena creci\u00f3 aprendiendo a hacer cer\u00e1mica junto con sus padres e inicio sus propias obras a los 17 a\u00f1os. Unos a\u00f1os m\u00e1s tarde contrae matrimonio con Efra\u00edn Lucero Jr. y desde entonces han tenido algunas participaciones en conjunto.<\/p><p>\u00a0<\/p><p>Los dise\u00f1os de Elicena generalmente incorporan p\u00e1jaros o lib\u00e9lulas y una rama de \u00e1rbol o motivo de vid que cubre toda la superficie del recipiente. Los dise\u00f1os de base como ramas de \u00e1rboles, enredaderas, flores y contornos de p\u00e1jaros se rayan en el recipiente, para luego ser pintados en colores.<\/p>\t\t\t\t\t\t\t\t<\/div>\n\t\t\t\t<\/div>\n\t\t\t\t\t<\/div>\n\t\t<\/div>\n\t\t\t\t<div class=\"elementor-column elementor-col-50 elementor-top-column elementor-element elementor-element-6e5615a\" data-id=\"6e5615a\" data-element_type=\"column\" data-e-type=\"column\">\n\t\t\t<div class=\"elementor-widget-wrap elementor-element-populated\">\n\t\t\t\t\t\t<div class=\"elementor-element elementor-element-b374ae4 elementor-widget elementor-widget-image\" data-id=\"b374ae4\" data-element_type=\"widget\" data-e-type=\"widget\" data-widget_type=\"image.default\">\n\t\t\t\t<div class=\"elementor-widget-container\">\n\t\t\t\t\t\t\t\t\t\t\t\t<figure class=\"wp-caption\">\n\t\t\t\t\t\t\t\t\t\t<img decoding=\"async\" width=\"539\" height=\"303\" src=\"https:\/\/i0.wp.com\/artesaniastoal.com\/wp-content\/uploads\/2020\/09\/Pieza-D4-scaled.jpg?resize=539%2C303&amp;ssl=1\" class=\"attachment-latest_post_boxes size-latest_post_boxes wp-image-1216\" alt=\"\" srcset=\"https:\/\/i0.wp.com\/artesaniastoal.com\/wp-content\/uploads\/2020\/09\/Pieza-D4-scaled.jpg?resize=539%2C303&amp;ssl=1 539w, https:\/\/i0.wp.com\/artesaniastoal.com\/wp-content\/uploads\/2020\/09\/Pieza-D4-scaled.jpg?zoom=2&amp;resize=539%2C303&amp;ssl=1 1078w, https:\/\/i0.wp.com\/artesaniastoal.com\/wp-content\/uploads\/2020\/09\/Pieza-D4-scaled.jpg?zoom=3&amp;resize=539%2C303&amp;ssl=1 1617w\" sizes=\"(max-width: 539px) 100vw, 539px\" \/>\t\t\t\t\t\t\t\t\t\t\t<figcaption class=\"widget-image-caption wp-caption-text\"><\/figcaption>\n\t\t\t\t\t\t\t\t\t\t<\/figure>\n\t\t\t\t\t\t\t\t\t<\/div>\n\t\t\t\t<\/div>\n\t\t\t\t\t<\/div>\n\t\t<\/div>\n\t\t\t\t\t<\/div>\n\t\t<\/section>\n\t\t\t\t<section class=\"elementor-section elementor-top-section elementor-element elementor-element-9bd02f7 elementor-section-boxed elementor-section-height-default elementor-section-height-default parallax_section_no qode_elementor_container_no\" data-id=\"9bd02f7\" data-element_type=\"section\" data-e-type=\"section\">\n\t\t\t\t\t\t<div class=\"elementor-container elementor-column-gap-default\">\n\t\t\t\t\t<div class=\"elementor-column elementor-col-50 elementor-top-column elementor-element elementor-element-b69f9c0\" data-id=\"b69f9c0\" data-element_type=\"column\" data-e-type=\"column\">\n\t\t\t<div class=\"elementor-widget-wrap elementor-element-populated\">\n\t\t\t\t\t\t<div class=\"elementor-element elementor-element-4995aa4 elementor-widget elementor-widget-image\" data-id=\"4995aa4\" data-element_type=\"widget\" data-e-type=\"widget\" data-widget_type=\"image.default\">\n\t\t\t\t<div class=\"elementor-widget-container\">\n\t\t\t\t\t\t\t\t\t\t\t\t\t\t\t<img decoding=\"async\" width=\"300\" height=\"300\" src=\"https:\/\/i0.wp.com\/artesaniastoal.com\/wp-content\/uploads\/2020\/09\/Pieza-D1-1-scaled.jpg?resize=300%2C300&amp;ssl=1\" class=\"attachment-woocommerce_thumbnail size-woocommerce_thumbnail wp-image-1214\" alt=\"\" srcset=\"https:\/\/i0.wp.com\/artesaniastoal.com\/wp-content\/uploads\/2020\/09\/Pieza-D1-1-scaled.jpg?resize=300%2C300&amp;ssl=1 300w, https:\/\/i0.wp.com\/artesaniastoal.com\/wp-content\/uploads\/2020\/09\/Pieza-D1-1-scaled.jpg?resize=100%2C100&amp;ssl=1 100w, https:\/\/i0.wp.com\/artesaniastoal.com\/wp-content\/uploads\/2020\/09\/Pieza-D1-1-scaled.jpg?resize=150%2C150&amp;ssl=1 150w, https:\/\/i0.wp.com\/artesaniastoal.com\/wp-content\/uploads\/2020\/09\/Pieza-D1-1-scaled.jpg?resize=570%2C570&amp;ssl=1 570w, https:\/\/i0.wp.com\/artesaniastoal.com\/wp-content\/uploads\/2020\/09\/Pieza-D1-1-scaled.jpg?resize=500%2C500&amp;ssl=1 500w, https:\/\/i0.wp.com\/artesaniastoal.com\/wp-content\/uploads\/2020\/09\/Pieza-D1-1-scaled.jpg?resize=1000%2C1000&amp;ssl=1 1000w, https:\/\/i0.wp.com\/artesaniastoal.com\/wp-content\/uploads\/2020\/09\/Pieza-D1-1-scaled.jpg?zoom=3&amp;resize=300%2C300&amp;ssl=1 900w\" sizes=\"(max-width: 300px) 100vw, 300px\" \/>\t\t\t\t\t\t\t\t\t\t\t\t\t\t\t<\/div>\n\t\t\t\t<\/div>\n\t\t\t\t\t<\/div>\n\t\t<\/div>\n\t\t\t\t<div class=\"elementor-column elementor-col-50 elementor-top-column elementor-element elementor-element-d84e8fe\" data-id=\"d84e8fe\" data-element_type=\"column\" data-e-type=\"column\">\n\t\t\t<div class=\"elementor-widget-wrap elementor-element-populated\">\n\t\t\t\t\t\t<div class=\"elementor-element elementor-element-b7f9f91 elementor-widget elementor-widget-text-editor\" data-id=\"b7f9f91\" data-element_type=\"widget\" data-e-type=\"widget\" data-widget_type=\"text-editor.default\">\n\t\t\t\t<div class=\"elementor-widget-container\">\n\t\t\t\t\t\t\t\t\t<p>Elicena Cota L\u00f3pez pinta principalmente dise\u00f1os con colores brillantes en macetas de grafito negro, un proceso complicado que le llev\u00f3 m\u00e1s de diez a\u00f1os en perfeccionarse. Elicena tiene el proceso hacia abajo y se fue a casa de la competencia 2013 del Museo del Desierto Arizona-Sonora de las Mujeres Alfareras de Mata Ortiz con un 3er lugar como Best of Show, y un 2do lugar en la categor\u00eda de negro tradicional.<\/p>\t\t\t\t\t\t\t\t<\/div>\n\t\t\t\t<\/div>\n\t\t\t\t\t<\/div>\n\t\t<\/div>\n\t\t\t\t\t<\/div>\n\t\t<\/section>\n\t\t\t\t<section class=\"elementor-section elementor-top-section elementor-element elementor-element-e70850a elementor-section-boxed elementor-section-height-default elementor-section-height-default parallax_section_no qode_elementor_container_no\" data-id=\"e70850a\" data-element_type=\"section\" data-e-type=\"section\">\n\t\t\t\t\t\t<div class=\"elementor-container elementor-column-gap-default\">\n\t\t\t\t\t<div class=\"elementor-column elementor-col-25 elementor-top-column elementor-element elementor-element-b1c8ccd\" data-id=\"b1c8ccd\" data-element_type=\"column\" data-e-type=\"column\">\n\t\t\t<div class=\"elementor-widget-wrap elementor-element-populated\">\n\t\t\t\t\t\t<div class=\"elementor-element elementor-element-f5ed049 elementor-widget elementor-widget-image\" data-id=\"f5ed049\" data-element_type=\"widget\" data-e-type=\"widget\" data-widget_type=\"image.default\">\n\t\t\t\t<div class=\"elementor-widget-container\">\n\t\t\t\t\t\t\t\t\t\t\t\t\t\t\t<img data-recalc-dims=\"1\" height=\"300\" width=\"300\" decoding=\"async\" src=\"https:\/\/i0.wp.com\/artesaniastoal.com\/wp-content\/uploads\/2020\/09\/toal_14-scaled.jpg?resize=300%2C300&#038;ssl=1\" title=\"toal_14\" alt=\"toal_14\" loading=\"lazy\" \/>\t\t\t\t\t\t\t\t\t\t\t\t\t\t\t<\/div>\n\t\t\t\t<\/div>\n\t\t\t\t\t<\/div>\n\t\t<\/div>\n\t\t\t\t<div class=\"elementor-column elementor-col-25 elementor-top-column elementor-element elementor-element-506d960\" data-id=\"506d960\" data-element_type=\"column\" data-e-type=\"column\">\n\t\t\t<div class=\"elementor-widget-wrap elementor-element-populated\">\n\t\t\t\t\t\t<div class=\"elementor-element elementor-element-a2de3a9 elementor-widget elementor-widget-image\" data-id=\"a2de3a9\" data-element_type=\"widget\" data-e-type=\"widget\" data-widget_type=\"image.default\">\n\t\t\t\t<div class=\"elementor-widget-container\">\n\t\t\t\t\t\t\t\t\t\t\t\t\t\t\t<img data-recalc-dims=\"1\" height=\"300\" width=\"300\" decoding=\"async\" src=\"https:\/\/i0.wp.com\/artesaniastoal.com\/wp-content\/uploads\/2020\/04\/Arizona-Sonora-Desert-museum-Alicena-Cota-2-scaled.jpg?resize=300%2C300&#038;ssl=1\" title=\"Arizona-Sonora Desert museum Alicena Cota 2\" alt=\"Arizona-Sonora Desert museum Alicena Cota 2\" loading=\"lazy\" \/>\t\t\t\t\t\t\t\t\t\t\t\t\t\t\t<\/div>\n\t\t\t\t<\/div>\n\t\t\t\t\t<\/div>\n\t\t<\/div>\n\t\t\t\t<div class=\"elementor-column elementor-col-25 elementor-top-column elementor-element elementor-element-cf3e0e5\" data-id=\"cf3e0e5\" data-element_type=\"column\" data-e-type=\"column\">\n\t\t\t<div class=\"elementor-widget-wrap elementor-element-populated\">\n\t\t\t\t\t\t<div class=\"elementor-element elementor-element-db3904c elementor-widget elementor-widget-image\" data-id=\"db3904c\" data-element_type=\"widget\" data-e-type=\"widget\" data-widget_type=\"image.default\">\n\t\t\t\t<div class=\"elementor-widget-container\">\n\t\t\t\t\t\t\t\t\t\t\t\t\t\t\t<img data-recalc-dims=\"1\" height=\"300\" width=\"300\" decoding=\"async\" src=\"https:\/\/i0.wp.com\/artesaniastoal.com\/wp-content\/uploads\/2020\/09\/toal_10-scaled.jpg?resize=300%2C300&#038;ssl=1\" title=\"toal_10\" alt=\"toal_10\" loading=\"lazy\" \/>\t\t\t\t\t\t\t\t\t\t\t\t\t\t\t<\/div>\n\t\t\t\t<\/div>\n\t\t\t\t\t<\/div>\n\t\t<\/div>\n\t\t\t\t<div class=\"elementor-column elementor-col-25 elementor-top-column elementor-element elementor-element-6d0f21e\" data-id=\"6d0f21e\" data-element_type=\"column\" data-e-type=\"column\">\n\t\t\t<div class=\"elementor-widget-wrap elementor-element-populated\">\n\t\t\t\t\t\t<div class=\"elementor-element elementor-element-0eb0dc1 elementor-widget elementor-widget-image\" data-id=\"0eb0dc1\" data-element_type=\"widget\" data-e-type=\"widget\" data-widget_type=\"image.default\">\n\t\t\t\t<div class=\"elementor-widget-container\">\n\t\t\t\t\t\t\t\t\t\t\t\t\t\t\t<img data-recalc-dims=\"1\" height=\"300\" width=\"300\" decoding=\"async\" src=\"https:\/\/i0.wp.com\/artesaniastoal.com\/wp-content\/uploads\/2020\/04\/Arizona-Sonora-Desert-museum-Alicena-Cota-scaled.jpg?resize=300%2C300&#038;ssl=1\" title=\"Arizona-Sonora Desert museum Alicena Cota\" alt=\"Arizona-Sonora Desert museum Alicena Cota\" loading=\"lazy\" \/>\t\t\t\t\t\t\t\t\t\t\t\t\t\t\t<\/div>\n\t\t\t\t<\/div>\n\t\t\t\t\t<\/div>\n\t\t<\/div>\n\t\t\t\t\t<\/div>\n\t\t<\/section>\n\t\t\t\t<section class=\"elementor-section elementor-top-section elementor-element elementor-element-a524605 elementor-section-boxed elementor-section-height-default elementor-section-height-default parallax_section_no qode_elementor_container_no\" data-id=\"a524605\" data-element_type=\"section\" data-e-type=\"section\">\n\t\t\t\t\t\t<div class=\"elementor-container elementor-column-gap-default\">\n\t\t\t\t\t<div class=\"elementor-column elementor-col-100 elementor-top-column elementor-element elementor-element-e18e842\" data-id=\"e18e842\" data-element_type=\"column\" data-e-type=\"column\">\n\t\t\t<div class=\"elementor-widget-wrap elementor-element-populated\">\n\t\t\t\t\t\t<div class=\"elementor-element elementor-element-0af1069 elementor-widget elementor-widget-spacer\" data-id=\"0af1069\" data-element_type=\"widget\" data-e-type=\"widget\" data-widget_type=\"spacer.default\">\n\t\t\t\t<div class=\"elementor-widget-container\">\n\t\t\t\t\t\t\t<div class=\"elementor-spacer\">\n\t\t\t<div class=\"elementor-spacer-inner\"><\/div>\n\t\t<\/div>\n\t\t\t\t\t\t<\/div>\n\t\t\t\t<\/div>\n\t\t\t\t\t<\/div>\n\t\t<\/div>\n\t\t\t\t\t<\/div>\n\t\t<\/section>\n\t\t\t\t<\/div>","protected":false},"excerpt":{"rendered":"<p>\u00a0 Profesi\u00f3n :\u00a0 \u00a0 \u00a0 \u00a0 \u00a0Alfarero Profesional Nacionalidad :\u00a0 Mexicana Lugar :\u00a0 \u00a0 \u00a0 \u00a0 \u00a0 \u00a0 \u00a0 \u00a0 \u00a0Mata Ort\u00edz, Chihuahua \u00a0 Edad :\u00a0 \u00a0\u00a0 \u00a0 \u00a0 \u00a0 \u00a0 \u00a0 \u00a0 \u00a0 40 a\u00f1os \u00a0 Experiencia:\u00a0\u00a0 \u00a0 \u00a0 23+ a\u00f1os Nacida en el&#8230;<\/p>","protected":false},"author":1,"featured_media":0,"parent":0,"menu_order":0,"comment_status":"closed","ping_status":"closed","template":"","meta":{"footnotes":""},"class_list":["post-696","page","type-page","status-publish","hentry"],"yoast_head":"<!-- This site is optimized with the Yoast SEO plugin v27.2 - https:\/\/yoast.com\/product\/yoast-seo-wordpress\/ -->\n<title>Elicena cota | Artesanias Toal<\/title>\n<meta name=\"robots\" content=\"index, follow, max-snippet:-1, max-image-preview:large, max-video-preview:-1\" \/>\n<link rel=\"canonical\" href=\"https:\/\/artesaniastoal.com\/en\/elicena-cota\/\" \/>\n<meta property=\"og:locale\" content=\"en_US\" \/>\n<meta property=\"og:type\" content=\"article\" \/>\n<meta property=\"og:title\" content=\"Elicena cota | Artesanias Toal\" \/>\n<meta property=\"og:description\" content=\"\u00a0 Profesi\u00f3n :\u00a0 \u00a0 \u00a0 \u00a0 \u00a0Alfarero Profesional Nacionalidad :\u00a0 Mexicana Lugar :\u00a0 \u00a0 \u00a0 \u00a0 \u00a0 \u00a0 \u00a0 \u00a0 \u00a0Mata Ort\u00edz, Chihuahua \u00a0 Edad :\u00a0 \u00a0\u00a0 \u00a0 \u00a0 \u00a0 \u00a0 \u00a0 \u00a0 \u00a0 40 a\u00f1os \u00a0 Experiencia:\u00a0\u00a0 \u00a0 \u00a0 23+ a\u00f1os Nacida en el...\" \/>\n<meta property=\"og:url\" content=\"https:\/\/artesaniastoal.com\/en\/elicena-cota\/\" \/>\n<meta property=\"og:site_name\" content=\"Artesanias Toal\" \/>\n<meta property=\"article:publisher\" content=\"https:\/\/www.facebook.com\/Artesanias.TOAL\" \/>\n<meta property=\"article:modified_time\" content=\"2020-10-03T16:59:32+00:00\" \/>\n<meta property=\"og:image\" content=\"http:\/\/artesaniastoal.com\/wp-content\/uploads\/2020\/04\/Elicena-Cota-297x300.png\" \/>\n<meta name=\"twitter:card\" content=\"summary_large_image\" \/>\n<meta name=\"twitter:label1\" content=\"Est. reading time\" \/>\n\t<meta name=\"twitter:data1\" content=\"1 minute\" \/>\n<script type=\"application\/ld+json\" class=\"yoast-schema-graph\">{\"@context\":\"https:\/\/schema.org\",\"@graph\":[{\"@type\":\"WebPage\",\"@id\":\"https:\/\/artesaniastoal.com\/elicena-cota\/\",\"url\":\"https:\/\/artesaniastoal.com\/elicena-cota\/\",\"name\":\"Elicena cota | Artesanias Toal\",\"isPartOf\":{\"@id\":\"https:\/\/artesaniastoal.com\/#website\"},\"primaryImageOfPage\":{\"@id\":\"https:\/\/artesaniastoal.com\/elicena-cota\/#primaryimage\"},\"image\":{\"@id\":\"https:\/\/artesaniastoal.com\/elicena-cota\/#primaryimage\"},\"thumbnailUrl\":\"http:\/\/artesaniastoal.com\/wp-content\/uploads\/2020\/04\/Elicena-Cota-297x300.png\",\"datePublished\":\"2020-04-04T14:50:48+00:00\",\"dateModified\":\"2020-10-03T16:59:32+00:00\",\"breadcrumb\":{\"@id\":\"https:\/\/artesaniastoal.com\/elicena-cota\/#breadcrumb\"},\"inLanguage\":\"en-US\",\"potentialAction\":[{\"@type\":\"ReadAction\",\"target\":[\"https:\/\/artesaniastoal.com\/elicena-cota\/\"]}]},{\"@type\":\"ImageObject\",\"inLanguage\":\"en-US\",\"@id\":\"https:\/\/artesaniastoal.com\/elicena-cota\/#primaryimage\",\"url\":\"http:\/\/artesaniastoal.com\/wp-content\/uploads\/2020\/04\/Elicena-Cota-297x300.png\",\"contentUrl\":\"http:\/\/artesaniastoal.com\/wp-content\/uploads\/2020\/04\/Elicena-Cota-297x300.png\"},{\"@type\":\"BreadcrumbList\",\"@id\":\"https:\/\/artesaniastoal.com\/elicena-cota\/#breadcrumb\",\"itemListElement\":[{\"@type\":\"ListItem\",\"position\":1,\"name\":\"Portada\",\"item\":\"https:\/\/artesaniastoal.com\/\"},{\"@type\":\"ListItem\",\"position\":2,\"name\":\"Elicena cota\"}]},{\"@type\":\"WebSite\",\"@id\":\"https:\/\/artesaniastoal.com\/#website\",\"url\":\"https:\/\/artesaniastoal.com\/\",\"name\":\"Artesanias Toal\",\"description\":\"Lo mejor de M\u00e9xico para el mundo\",\"publisher\":{\"@id\":\"https:\/\/artesaniastoal.com\/#organization\"},\"potentialAction\":[{\"@type\":\"SearchAction\",\"target\":{\"@type\":\"EntryPoint\",\"urlTemplate\":\"https:\/\/artesaniastoal.com\/?s={search_term_string}\"},\"query-input\":{\"@type\":\"PropertyValueSpecification\",\"valueRequired\":true,\"valueName\":\"search_term_string\"}}],\"inLanguage\":\"en-US\"},{\"@type\":\"Organization\",\"@id\":\"https:\/\/artesaniastoal.com\/#organization\",\"name\":\"Artesan\u00edas Toal\",\"url\":\"https:\/\/artesaniastoal.com\/\",\"logo\":{\"@type\":\"ImageObject\",\"inLanguage\":\"en-US\",\"@id\":\"https:\/\/artesaniastoal.com\/#\/schema\/logo\/image\/\",\"url\":\"https:\/\/i0.wp.com\/artesaniastoal.com\/wp-content\/uploads\/2020\/08\/logo2.png?fit=7556%2C4890&ssl=1\",\"contentUrl\":\"https:\/\/i0.wp.com\/artesaniastoal.com\/wp-content\/uploads\/2020\/08\/logo2.png?fit=7556%2C4890&ssl=1\",\"width\":7556,\"height\":4890,\"caption\":\"Artesan\u00edas Toal\"},\"image\":{\"@id\":\"https:\/\/artesaniastoal.com\/#\/schema\/logo\/image\/\"},\"sameAs\":[\"https:\/\/www.facebook.com\/Artesanias.TOAL\"]}]}<\/script>\n<!-- \/ Yoast SEO plugin. -->","yoast_head_json":{"title":"Elicena cota | Artesanias Toal","robots":{"index":"index","follow":"follow","max-snippet":"max-snippet:-1","max-image-preview":"max-image-preview:large","max-video-preview":"max-video-preview:-1"},"canonical":"https:\/\/artesaniastoal.com\/en\/elicena-cota\/","og_locale":"en_US","og_type":"article","og_title":"Elicena cota | Artesanias Toal","og_description":"\u00a0 Profesi\u00f3n :\u00a0 \u00a0 \u00a0 \u00a0 \u00a0Alfarero Profesional Nacionalidad :\u00a0 Mexicana Lugar :\u00a0 \u00a0 \u00a0 \u00a0 \u00a0 \u00a0 \u00a0 \u00a0 \u00a0Mata Ort\u00edz, Chihuahua \u00a0 Edad :\u00a0 \u00a0\u00a0 \u00a0 \u00a0 \u00a0 \u00a0 \u00a0 \u00a0 \u00a0 40 a\u00f1os \u00a0 Experiencia:\u00a0\u00a0 \u00a0 \u00a0 23+ a\u00f1os Nacida en el...","og_url":"https:\/\/artesaniastoal.com\/en\/elicena-cota\/","og_site_name":"Artesanias Toal","article_publisher":"https:\/\/www.facebook.com\/Artesanias.TOAL","article_modified_time":"2020-10-03T16:59:32+00:00","og_image":[{"url":"http:\/\/artesaniastoal.com\/wp-content\/uploads\/2020\/04\/Elicena-Cota-297x300.png","type":"","width":"","height":""}],"twitter_card":"summary_large_image","twitter_misc":{"Est. reading time":"1 minute"},"schema":{"@context":"https:\/\/schema.org","@graph":[{"@type":"WebPage","@id":"https:\/\/artesaniastoal.com\/elicena-cota\/","url":"https:\/\/artesaniastoal.com\/elicena-cota\/","name":"Elicena cota | Artesanias Toal","isPartOf":{"@id":"https:\/\/artesaniastoal.com\/#website"},"primaryImageOfPage":{"@id":"https:\/\/artesaniastoal.com\/elicena-cota\/#primaryimage"},"image":{"@id":"https:\/\/artesaniastoal.com\/elicena-cota\/#primaryimage"},"thumbnailUrl":"http:\/\/artesaniastoal.com\/wp-content\/uploads\/2020\/04\/Elicena-Cota-297x300.png","datePublished":"2020-04-04T14:50:48+00:00","dateModified":"2020-10-03T16:59:32+00:00","breadcrumb":{"@id":"https:\/\/artesaniastoal.com\/elicena-cota\/#breadcrumb"},"inLanguage":"en-US","potentialAction":[{"@type":"ReadAction","target":["https:\/\/artesaniastoal.com\/elicena-cota\/"]}]},{"@type":"ImageObject","inLanguage":"en-US","@id":"https:\/\/artesaniastoal.com\/elicena-cota\/#primaryimage","url":"http:\/\/artesaniastoal.com\/wp-content\/uploads\/2020\/04\/Elicena-Cota-297x300.png","contentUrl":"http:\/\/artesaniastoal.com\/wp-content\/uploads\/2020\/04\/Elicena-Cota-297x300.png"},{"@type":"BreadcrumbList","@id":"https:\/\/artesaniastoal.com\/elicena-cota\/#breadcrumb","itemListElement":[{"@type":"ListItem","position":1,"name":"Portada","item":"https:\/\/artesaniastoal.com\/"},{"@type":"ListItem","position":2,"name":"Elicena cota"}]},{"@type":"WebSite","@id":"https:\/\/artesaniastoal.com\/#website","url":"https:\/\/artesaniastoal.com\/","name":"Artesanias Toal","description":"Lo mejor de M\u00e9xico para el mundo","publisher":{"@id":"https:\/\/artesaniastoal.com\/#organization"},"potentialAction":[{"@type":"SearchAction","target":{"@type":"EntryPoint","urlTemplate":"https:\/\/artesaniastoal.com\/?s={search_term_string}"},"query-input":{"@type":"PropertyValueSpecification","valueRequired":true,"valueName":"search_term_string"}}],"inLanguage":"en-US"},{"@type":"Organization","@id":"https:\/\/artesaniastoal.com\/#organization","name":"Artesan\u00edas Toal","url":"https:\/\/artesaniastoal.com\/","logo":{"@type":"ImageObject","inLanguage":"en-US","@id":"https:\/\/artesaniastoal.com\/#\/schema\/logo\/image\/","url":"https:\/\/i0.wp.com\/artesaniastoal.com\/wp-content\/uploads\/2020\/08\/logo2.png?fit=7556%2C4890&ssl=1","contentUrl":"https:\/\/i0.wp.com\/artesaniastoal.com\/wp-content\/uploads\/2020\/08\/logo2.png?fit=7556%2C4890&ssl=1","width":7556,"height":4890,"caption":"Artesan\u00edas Toal"},"image":{"@id":"https:\/\/artesaniastoal.com\/#\/schema\/logo\/image\/"},"sameAs":["https:\/\/www.facebook.com\/Artesanias.TOAL"]}]}},"jetpack_sharing_enabled":true,"_links":{"self":[{"href":"https:\/\/artesaniastoal.com\/en\/wp-json\/wp\/v2\/pages\/696","targetHints":{"allow":["GET"]}}],"collection":[{"href":"https:\/\/artesaniastoal.com\/en\/wp-json\/wp\/v2\/pages"}],"about":[{"href":"https:\/\/artesaniastoal.com\/en\/wp-json\/wp\/v2\/types\/page"}],"author":[{"embeddable":true,"href":"https:\/\/artesaniastoal.com\/en\/wp-json\/wp\/v2\/users\/1"}],"replies":[{"embeddable":true,"href":"https:\/\/artesaniastoal.com\/en\/wp-json\/wp\/v2\/comments?post=696"}],"version-history":[{"count":34,"href":"https:\/\/artesaniastoal.com\/en\/wp-json\/wp\/v2\/pages\/696\/revisions"}],"predecessor-version":[{"id":1396,"href":"https:\/\/artesaniastoal.com\/en\/wp-json\/wp\/v2\/pages\/696\/revisions\/1396"}],"wp:attachment":[{"href":"https:\/\/artesaniastoal.com\/en\/wp-json\/wp\/v2\/media?parent=696"}],"curies":[{"name":"wp","href":"https:\/\/api.w.org\/{rel}","templated":true}]}}